{"id":1644,"date":"2024-10-28T20:14:40","date_gmt":"2024-10-28T19:14:40","guid":{"rendered":"https:\/\/demo-kmcz.nt-software.de\/?page_id=1644"},"modified":"2025-10-28T21:31:04","modified_gmt":"2025-10-28T20:31:04","slug":"impressum","status":"publish","type":"page","link":"https:\/\/eeschekuelle.de\/index.php\/impressum\/","title":{"rendered":"Impressum"},"content":{"rendered":"\n<h1>Impressum<\/h1>\n\n<h2 id=\"m46\">Diensteanbieter<\/h2>\n\n<p>KV De Eeschek\u00fclle e. V.<\/p>\n<p>Schartstra\u00dfe 7<\/p>\n<p>52224 Stolberg<\/p>\n\n<h2 id=\"m56\">Kontaktm\u00f6glichkeiten<\/h2><p>E-Mail-Adresse: <a href=\"mailto:info@eeschekuelle.de\">info@eeschekuelle.de<\/a><\/p>\n<p>Telefon: +49 177 2134843<\/p>\n\n<h2 id=\"m151\">Register und Registernummer<\/h2><p>Vereinsregister<\/p>\n<p>Gef\u00fchrt bei: Amtsgericht Aachen<\/p>\n<p>Nummer: VR 5873<\/p>\n\n<p class=\"seal\"><a href=\"https:\/\/datenschutz-generator.de\/\" title=\"Rechtstext von Dr. Schwenke - f\u00fcr weitere Informationen bitte anklicken.\" target=\"_blank\" rel=\"noopener noreferrer nofollow\">Erstellt mit kostenlosem Datenschutz-Generator.de von Dr. Thomas Schwenke<\/a><\/p>\n","protected":false},"excerpt":{"rendered":"<p>Impressum Diensteanbieter KV De Eeschek\u00fclle e. V. Schartstra\u00dfe 7 52224 Stolberg Kontaktm\u00f6glichkeiten E-Mail-Adresse: info@eeschekuelle.de Telefon: +49 177 2134843 Register und Registernummer Vereinsregister Gef\u00fchrt bei: Amtsgericht Aachen Nummer: VR 5873 Erstellt &#8230;<\/p>\n","protected":false},"author":1,"featured_media":0,"parent":0,"menu_order":0,"comment_status":"closed","ping_status":"closed","template":"","meta":{"footnotes":""},"class_list":["post-1644","page","type-page","status-publish","hentry"],"_links":{"self":[{"href":"https:\/\/eeschekuelle.de\/index.php\/wp-json\/wp\/v2\/pages\/1644","targetHints":{"allow":["GET"]}}],"collection":[{"href":"https:\/\/eeschekuelle.de\/index.php\/wp-json\/wp\/v2\/pages"}],"about":[{"href":"https:\/\/eeschekuelle.de\/index.php\/wp-json\/wp\/v2\/types\/page"}],"author":[{"embeddable":true,"href":"https:\/\/eeschekuelle.de\/index.php\/wp-json\/wp\/v2\/users\/1"}],"replies":[{"embeddable":true,"href":"https:\/\/eeschekuelle.de\/index.php\/wp-json\/wp\/v2\/comments?post=1644"}],"version-history":[{"count":4,"href":"https:\/\/eeschekuelle.de\/index.php\/wp-json\/wp\/v2\/pages\/1644\/revisions"}],"predecessor-version":[{"id":1811,"href":"https:\/\/eeschekuelle.de\/index.php\/wp-json\/wp\/v2\/pages\/1644\/revisions\/1811"}],"wp:attachment":[{"href":"https:\/\/eeschekuelle.de\/index.php\/wp-json\/wp\/v2\/media?parent=1644"}],"curies":[{"name":"wp","href":"https:\/\/api.w.org\/{rel}","templated":true}]}}