{"id":1791,"date":"2025-08-06T17:05:17","date_gmt":"2025-08-06T16:05:17","guid":{"rendered":"https:\/\/eeschekuelle.de\/?page_id=1791"},"modified":"2025-08-06T17:48:10","modified_gmt":"2025-08-06T16:48:10","slug":"spenden","status":"publish","type":"page","link":"https:\/\/eeschekuelle.de\/index.php\/spenden\/","title":{"rendered":"Spenden"},"content":{"rendered":"\n<p>Wir freuen uns \u00fcber jede Spende!<\/p>\n\n\n\n<p>Spenden k\u00f6nnen entweder direkt per Bankverbindung oder komfortabel \u00fcber Paypal get\u00e4tigt werden.<\/p>\n\n\n\n<div class=\"wp-block-columns is-layout-flex wp-container-core-columns-is-layout-9d6595d7 wp-block-columns-is-layout-flex\">\n<div class=\"wp-block-column is-layout-flow wp-block-column-is-layout-flow\">\n<div class=\"wp-block-group\"><div class=\"wp-block-group__inner-container is-layout-constrained wp-block-group-is-layout-constrained\">\n<h2 class=\"wp-block-heading\">Per Bankverbindung<\/h2>\n\n\n\n<p>Bei einer Spende per Bankverbindung bitten wir die \u00dcbersendung an folgende Verbindungsdaten:<\/p>\n\n\n\n<p><strong>Spendenkonto<\/strong> KV De Eeschek\u00fclle e.V.<br>VR Bank e.G. Region Aachen<br><strong>IBAN<\/strong> DE81 3916 2980 6683 6120 12<br><strong>BIC<\/strong> GENODED 1WUR<br><strong>Verwendungszweck<\/strong> SPENDE<\/p>\n<\/div><\/div>\n<\/div>\n\n\n\n<div class=\"wp-block-column is-layout-flow wp-block-column-is-layout-flow\">\n<div class=\"wp-block-group\"><div class=\"wp-block-group__inner-container is-layout-constrained wp-block-group-is-layout-constrained\">\n<h2 class=\"wp-block-heading\">Per Paypal<\/h2>\n\n\n\n<p>Eine Spende per Paypal kann komfortabel \u00fcber die nachfolgende Schaltfl\u00e4che mit direkter Weiterleitung zu Paypal get\u00e4tigt werden.<\/p>\n\n\n\n<div class=\"wp-block-buttons is-layout-flex wp-block-buttons-is-layout-flex\">\n<div class=\"wp-block-button is-style-fill\"><a class=\"wp-block-button__link has-white-color has-text-color has-background has-link-color wp-element-button\" href=\"https:\/\/www.paypal.com\/donate\/?hosted_button_id=L2HJTPBAQ9SC4\" style=\"border-radius:0px;background-color:#e80c1c\"><strong>Per PayPal spenden<\/strong><\/a><\/div>\n<\/div>\n<\/div><\/div>\n<\/div>\n<\/div>\n\n\n\n<p><\/p>\n","protected":false},"excerpt":{"rendered":"<p>Wir freuen uns \u00fcber jede Spende! Spenden k\u00f6nnen entweder direkt per Bankverbindung oder komfortabel \u00fcber Paypal get\u00e4tigt werden. Per Bankverbindung Bei einer Spende per Bankverbindung bitten wir die \u00dcbersendung an &#8230;<\/p>\n","protected":false},"author":1,"featured_media":0,"parent":0,"menu_order":0,"comment_status":"closed","ping_status":"closed","template":"template-fullwidth.php","meta":{"footnotes":""},"class_list":["post-1791","page","type-page","status-publish","hentry"],"_links":{"self":[{"href":"https:\/\/eeschekuelle.de\/index.php\/wp-json\/wp\/v2\/pages\/1791","targetHints":{"allow":["GET"]}}],"collection":[{"href":"https:\/\/eeschekuelle.de\/index.php\/wp-json\/wp\/v2\/pages"}],"about":[{"href":"https:\/\/eeschekuelle.de\/index.php\/wp-json\/wp\/v2\/types\/page"}],"author":[{"embeddable":true,"href":"https:\/\/eeschekuelle.de\/index.php\/wp-json\/wp\/v2\/users\/1"}],"replies":[{"embeddable":true,"href":"https:\/\/eeschekuelle.de\/index.php\/wp-json\/wp\/v2\/comments?post=1791"}],"version-history":[{"count":5,"href":"https:\/\/eeschekuelle.de\/index.php\/wp-json\/wp\/v2\/pages\/1791\/revisions"}],"predecessor-version":[{"id":1797,"href":"https:\/\/eeschekuelle.de\/index.php\/wp-json\/wp\/v2\/pages\/1791\/revisions\/1797"}],"wp:attachment":[{"href":"https:\/\/eeschekuelle.de\/index.php\/wp-json\/wp\/v2\/media?parent=1791"}],"curies":[{"name":"wp","href":"https:\/\/api.w.org\/{rel}","templated":true}]}}